{"id":8543,"date":"2023-04-24T10:24:33","date_gmt":"2023-04-24T10:24:33","guid":{"rendered":"https:\/\/bw-medxtore-demo6.bzotech.com\/?page_id=8543"},"modified":"2026-01-21T14:43:20","modified_gmt":"2026-01-21T11:43:20","slug":"sikca-sorulan-sorular","status":"publish","type":"page","link":"https:\/\/tekdiamond.com\/en\/sikca-sorulan-sorular\/","title":{"rendered":"S\u0131k\u00e7a Sorulan Sorular"},"content":{"rendered":"<div data-elementor-type=\"wp-page\" data-elementor-id=\"8543\" class=\"elementor elementor-8543\">\n\t\t\t\t<div class=\"elementor-element elementor-element-85ea4ef e-flex e-con-boxed e-con e-parent\" data-id=\"85ea4ef\" data-element_type=\"container\">\n\t\t\t\t\t<div class=\"e-con-inner\">\n\t\t<div class=\"elementor-element elementor-element-af8c937 e-con-full e-flex e-con e-child\" data-id=\"af8c937\" data-element_type=\"container\">\n\t\t\t\t<div class=\"elementor-element elementor-element-52cb963 elementor-widget elementor-widget-bzotech-heading-global\" data-id=\"52cb963\" data-element_type=\"widget\" data-widget_type=\"bzotech-heading-global.default\">\n\t\t\t\t<div class=\"elementor-widget-container\">\n\t\t\t\t\t<h2 class=\"container-flex-e elbzotech-heading-global font-title text-css-e font-medium text-uppercase title34 color-title elbzotech-heading-global-style1\">Al\u0131\u015fveri\u015f Bilgileri<\/h2>\t\t\t\t<\/div>\n\t\t\t\t<\/div>\n\t\t\t\t<div class=\"elementor-element elementor-element-565fa9b elementor-widget elementor-widget-bzotech-accordion-global\" data-id=\"565fa9b\" data-element_type=\"widget\" data-widget_type=\"bzotech-accordion-global.default\">\n\t\t\t\t<div class=\"elementor-widget-container\">\n\t\t\t\t\t<div class=\"elbzotech-accordion elbzotech-accordion-global-css elbzotech-accordion-global-\" data-active=\"0\" data-animate=\"300\" data-heightstyle=\"content\"><h3 class=\"item-title-e accordion-title elementor-repeater-item-fb8e894\"><span class=\"text item-title-e\">Kargo \u00fccretli mi? \u00dccretsiz kargo var m\u0131?<\/span><span class=\"box-icon-accor item-icon-e\"><i class=\"icon-accor  las la-angle-down\"><\/i><i class=\"icon-accor-active  las la-angle-up\"><\/i><\/span><\/h3><div class=\"item-content-e accordion-content elementor-repeater-item-fb8e894\"><p>Tekdiamond\u2019da belirli d\u00f6nemlerde ve\/veya belirli sepet tutarlar\u0131nda <strong data-start=\"339\" data-end=\"357\">\u00fccretsiz kargo<\/strong> f\u0131rsatlar\u0131 sunulur. Sepet ve \u00f6deme ad\u0131m\u0131nda kargo durumunu <strong data-start=\"417\" data-end=\"443\">net \u015fekilde g\u00f6r\u00fcrs\u00fcn\u00fcz<\/strong>. Kampanya d\u00f6nemlerinde \u00fccretsiz kargo otomatik olarak uygulan\u0131r.<\/p><\/div><h3 class=\"item-title-e accordion-title elementor-repeater-item-3e242bd\"><span class=\"text item-title-e\">Teslimat ne kadar s\u00fcrer?<\/span><span class=\"box-icon-accor item-icon-e\"><i class=\"icon-accor  las la-angle-down\"><\/i><i class=\"icon-accor-active  las la-angle-up\"><\/i><\/span><\/h3><div class=\"item-content-e accordion-content elementor-repeater-item-3e242bd\"><p>Sipari\u015finiz \u00f6deme onay\u0131ndan sonra haz\u0131rlan\u0131r, kalite kontrolden ge\u00e7er ve kargoya teslim edilir. Teslimat s\u00fcresi genellikle <strong data-start=\"665\" data-end=\"680\">1\u20133 i\u015f g\u00fcn\u00fc<\/strong> aras\u0131nda de\u011fi\u015fir. \u00d6zel \u00f6l\u00e7\u00fc\/\u00f6zel tasar\u0131m \u00fcr\u00fcnlerde haz\u0131rl\u0131k s\u00fcresi uzayabilir; bu durumda sizi bilgilendiririz.<\/p><\/div><h3 class=\"item-title-e accordion-title elementor-repeater-item-3ea92f6\"><span class=\"text item-title-e\">\u201cAt\u00f6lyeden almak\u201d ne demek, avantaj\u0131 nedir?<\/span><span class=\"box-icon-accor item-icon-e\"><i class=\"icon-accor  las la-angle-down\"><\/i><i class=\"icon-accor-active  las la-angle-up\"><\/i><\/span><\/h3><div class=\"item-content-e accordion-content elementor-repeater-item-3ea92f6\"><p>Tekdiamond\u2019da bir\u00e7ok \u00fcr\u00fcnde <strong data-start=\"873\" data-end=\"900\">at\u00f6lyeden\/\u00fcretim odakl\u0131<\/strong> yakla\u015f\u0131m benimsendi\u011fi i\u00e7in, m\u00fc\u015fteri <strong data-start=\"937\" data-end=\"958\">arac\u0131 maliyetleri<\/strong> yerine do\u011frudan \u00fcretim kalitesi ve i\u015f\u00e7ili\u011fe odaklanan bir deneyim ya\u015far. Bu da \u00e7o\u011fu zaman <strong data-start=\"1049\" data-end=\"1073\">daha avantajl\u0131 fiyat<\/strong>, <strong data-start=\"1075\" data-end=\"1111\">daha h\u0131zl\u0131 revize\/\u00f6l\u00e7\u00fc d\u00fczenleme<\/strong> ve <strong data-start=\"1115\" data-end=\"1143\">daha \u015feffaf \u00fcr\u00fcn bilgisi<\/strong> anlam\u0131na gelir.<\/p><\/div><h3 class=\"item-title-e accordion-title elementor-repeater-item-5f93c5c\"><span class=\"text item-title-e\">Sipari\u015f verdikten sonra s\u00fcre\u00e7 nas\u0131l ilerliyor?<\/span><span class=\"box-icon-accor item-icon-e\"><i class=\"icon-accor  las la-angle-down\"><\/i><i class=\"icon-accor-active  las la-angle-up\"><\/i><\/span><\/h3><div class=\"item-content-e accordion-content elementor-repeater-item-5f93c5c\"><p>Sipari\u015f sonras\u0131 s\u00fcre\u00e7: <strong data-start=\"1238\" data-end=\"1353\">Sipari\u015f onay\u0131 \u2192 \u00f6deme onay\u0131 \u2192 haz\u0131rl\u0131k &amp; kalite kontrol \u2192 paketleme \u2192 kargoya teslim \u2192 takip numaras\u0131 payla\u015f\u0131m\u0131<\/strong> \u015feklinde ilerler. B\u00f6ylece \u00fcr\u00fcn\u00fcn\u00fcz kargoya \u00e7\u0131kana kadar kontrol s\u00fcre\u00e7lerinden ge\u00e7mi\u015f olur.<\/p><\/div><h3 class=\"item-title-e accordion-title elementor-repeater-item-fc38fb3\"><span class=\"text item-title-e\">Sipari\u015fim i\u00e7in fatura alacak m\u0131y\u0131m?<\/span><span class=\"box-icon-accor item-icon-e\"><i class=\"icon-accor  las la-angle-down\"><\/i><i class=\"icon-accor-active  las la-angle-up\"><\/i><\/span><\/h3><div class=\"item-content-e accordion-content elementor-repeater-item-fc38fb3\"><p>Evet. Sipari\u015finiz i\u00e7in <strong data-start=\"1512\" data-end=\"1532\">e-fatura\/e-ar\u015fiv<\/strong> d\u00fczenlenir. Fatura bilgilerinizi \u00f6deme s\u0131ras\u0131nda do\u011fru girmeniz yeterlidir. (Kurumsal fatura istiyorsan\u0131z firma bilgilerinizi ekleyebilirsiniz.)<\/p><\/div><\/div>\t\t\t\t<\/div>\n\t\t\t\t<\/div>\n\t\t\t\t<\/div>\n\t\t<div class=\"elementor-element elementor-element-dc473de e-con-full e-flex e-con e-child\" data-id=\"dc473de\" data-element_type=\"container\">\n\t\t\t\t<div class=\"elementor-element elementor-element-e0698b6 elementor-widget elementor-widget-bzotech-heading-global\" data-id=\"e0698b6\" data-element_type=\"widget\" data-widget_type=\"bzotech-heading-global.default\">\n\t\t\t\t<div class=\"elementor-widget-container\">\n\t\t\t\t\t<h2 class=\"container-flex-e elbzotech-heading-global font-title text-css-e font-medium text-uppercase title34 color-title elbzotech-heading-global-style1\">\u00d6deme Bilgileri<\/h2>\t\t\t\t<\/div>\n\t\t\t\t<\/div>\n\t\t\t\t<div class=\"elementor-element elementor-element-81a2b7d elementor-widget elementor-widget-bzotech-accordion-global\" data-id=\"81a2b7d\" data-element_type=\"widget\" data-widget_type=\"bzotech-accordion-global.default\">\n\t\t\t\t<div class=\"elementor-widget-container\">\n\t\t\t\t\t<div class=\"elbzotech-accordion elbzotech-accordion-global-css elbzotech-accordion-global-\" data-active=\"0\" data-animate=\"300\" data-heightstyle=\"content\"><h3 class=\"item-title-e accordion-title elementor-repeater-item-fb8e894\"><span class=\"text item-title-e\">\u00d6deme hesab\u0131mdan ne zaman \u00e7ekilir?<\/span><span class=\"box-icon-accor item-icon-e\"><i class=\"icon-accor  las la-angle-down\"><\/i><i class=\"icon-accor-active  las la-angle-up\"><\/i><\/span><\/h3><div class=\"item-content-e accordion-content elementor-repeater-item-fb8e894\"><p>Kredi\/banka kart\u0131 ile yap\u0131lan \u00f6demeler bankan\u0131z\u0131n onay\u0131yla <strong data-start=\"1780\" data-end=\"1798\">sipari\u015f an\u0131nda<\/strong> tahsil edilir. Havale\/EFT se\u00e7ene\u011fi varsa sipari\u015finiz <strong data-start=\"1852\" data-end=\"1878\">\u00f6deme ula\u015ft\u0131ktan sonra<\/strong> i\u015fleme al\u0131n\u0131r.<\/p><\/div><h3 class=\"item-title-e accordion-title elementor-repeater-item-3e242bd\"><span class=\"text item-title-e\">Hangi \u00f6deme se\u00e7enekleri var?<\/span><span class=\"box-icon-accor item-icon-e\"><i class=\"icon-accor  las la-angle-down\"><\/i><i class=\"icon-accor-active  las la-angle-up\"><\/i><\/span><\/h3><div class=\"item-content-e accordion-content elementor-repeater-item-3e242bd\"><p data-start=\"1931\" data-end=\"2107\">Tekdiamond\u2019da genellikle kredi\/banka kart\u0131 ile \u00f6deme al\u0131n\u0131r. Bankaya ba\u011fl\u0131 olarak <strong data-start=\"2013\" data-end=\"2023\">taksit<\/strong> se\u00e7enekleri sunulabilir. \u00d6deme ekran\u0131nda mevcut se\u00e7enekler otomatik olarak g\u00f6r\u00fcn\u00fcr.<\/p><h3 data-start=\"2109\" data-end=\"2157\">\u00a0<\/h3><\/div><h3 class=\"item-title-e accordion-title elementor-repeater-item-3ea92f6\"><span class=\"text item-title-e\">Favoriler\/\u0130stek Listesi (Wishlist) nedir?<\/span><span class=\"box-icon-accor item-icon-e\"><i class=\"icon-accor  las la-angle-down\"><\/i><i class=\"icon-accor-active  las la-angle-up\"><\/i><\/span><\/h3><div class=\"item-content-e accordion-content elementor-repeater-item-3ea92f6\"><p>Be\u011fendi\u011finiz \u00fcr\u00fcnleri kaydedip sonra kolayca bulman\u0131z\u0131 sa\u011flar. \u00dcr\u00fcn sayfas\u0131ndan \u201cFavorilere ekle\u201d ile listenize ekleyebilir, daha sonra tek t\u0131kla tekrar g\u00f6r\u00fcnt\u00fcleyebilirsiniz.<\/p><\/div><h3 class=\"item-title-e accordion-title elementor-repeater-item-5f93c5c\"><span class=\"text item-title-e\">\u00dcr\u00fcn hasarl\u0131 geldi veya yanl\u0131\u015f \u00fcr\u00fcn geldiyse ne yapmal\u0131y\u0131m?<\/span><span class=\"box-icon-accor item-icon-e\"><i class=\"icon-accor  las la-angle-down\"><\/i><i class=\"icon-accor-active  las la-angle-up\"><\/i><\/span><\/h3><div class=\"item-content-e accordion-content elementor-repeater-item-5f93c5c\"><p>Teslimat sonras\u0131 \u00fcr\u00fcn\u00fcn\u00fcz hasarl\u0131\/yanl\u0131\u015f geldiyse \u00fcr\u00fcn\u00fc kullanmadan; kutu, sertifika ve t\u00fcm i\u00e7eriklerle birlikte saklay\u0131n. Paket ve \u00fcr\u00fcn\u00fcn foto\u011fraf\u0131n\u0131 \u00e7ekip Tekdiamond destek ekibiyle ileti\u015fime ge\u00e7in. \u0130nceleme sonras\u0131 <strong data-start=\"2620\" data-end=\"2635\">h\u0131zl\u0131 \u00e7\u00f6z\u00fcm<\/strong> (de\u011fi\u015fim\/yeniden g\u00f6nderim vb.) sa\u011flan\u0131r.<\/p><\/div><h3 class=\"item-title-e accordion-title elementor-repeater-item-fc38fb3\"><span class=\"text item-title-e\">Sipari\u015fimi de\u011fi\u015ftirebilir veya iptal edebilir miyim?<\/span><span class=\"box-icon-accor item-icon-e\"><i class=\"icon-accor  las la-angle-down\"><\/i><i class=\"icon-accor-active  las la-angle-up\"><\/i><\/span><\/h3><div class=\"item-content-e accordion-content elementor-repeater-item-fc38fb3\"><p>Sipari\u015finiz <strong data-start=\"2751\" data-end=\"2778\">kargoya verilmeden \u00f6nce<\/strong> de\u011fi\u015fiklik\/iptal \u00e7o\u011fu zaman m\u00fcmk\u00fcnd\u00fcr. Kargoya verildiyse s\u00fcre\u00e7, iade\/de\u011fi\u015fim prosed\u00fcr\u00fcne g\u00f6re ilerler. En h\u0131zl\u0131 \u00e7\u00f6z\u00fcm i\u00e7in destek ekibine sipari\u015f numaran\u0131zla ula\u015fman\u0131z yeterli.<\/p><\/div><\/div>\t\t\t\t<\/div>\n\t\t\t\t<\/div>\n\t\t\t\t<\/div>\n\t\t\t\t\t<\/div>\n\t\t\t\t<\/div>\n\t\t\t\t<\/div>","protected":false},"excerpt":{"rendered":"<p>Al\u0131\u015fveri\u015f Bilgileri Kargo \u00fccretli mi? \u00dccretsiz kargo var m\u0131? Tekdiamond\u2019da belirli d\u00f6nemlerde ve\/veya belirli sepet tutarlar\u0131nda \u00fccretsiz kargo f\u0131rsatlar\u0131 sunulur. Sepet ve \u00f6deme ad\u0131m\u0131nda kargo durumunu net \u015fekilde g\u00f6r\u00fcrs\u00fcn\u00fcz. Kampanya d\u00f6nemlerinde \u00fccretsiz kargo otomatik olarak uygulan\u0131r. Teslimat ne kadar s\u00fcrer? Sipari\u015finiz \u00f6deme onay\u0131ndan sonra haz\u0131rlan\u0131r, kalite kontrolden ge\u00e7er ve kargoya teslim edilir. Teslimat s\u00fcresi genellikle [&hellip;]<\/p>","protected":false},"author":1,"featured_media":0,"parent":0,"menu_order":0,"comment_status":"closed","ping_status":"closed","template":"elementor-template.php","meta":{"footnotes":""},"class_list":["post-8543","page","type-page","status-publish","hentry"],"jetpack_sharing_enabled":true,"_links":{"self":[{"href":"https:\/\/tekdiamond.com\/en\/wp-json\/wp\/v2\/pages\/8543","targetHints":{"allow":["GET"]}}],"collection":[{"href":"https:\/\/tekdiamond.com\/en\/wp-json\/wp\/v2\/pages"}],"about":[{"href":"https:\/\/tekdiamond.com\/en\/wp-json\/wp\/v2\/types\/page"}],"author":[{"embeddable":true,"href":"https:\/\/tekdiamond.com\/en\/wp-json\/wp\/v2\/users\/1"}],"replies":[{"embeddable":true,"href":"https:\/\/tekdiamond.com\/en\/wp-json\/wp\/v2\/comments?post=8543"}],"version-history":[{"count":7,"href":"https:\/\/tekdiamond.com\/en\/wp-json\/wp\/v2\/pages\/8543\/revisions"}],"predecessor-version":[{"id":20264,"href":"https:\/\/tekdiamond.com\/en\/wp-json\/wp\/v2\/pages\/8543\/revisions\/20264"}],"wp:attachment":[{"href":"https:\/\/tekdiamond.com\/en\/wp-json\/wp\/v2\/media?parent=8543"}],"curies":[{"name":"wp","href":"https:\/\/api.w.org\/{rel}","templated":true}]}}