{"id":9172,"date":"2023-01-30T01:27:30","date_gmt":"2023-01-30T01:27:30","guid":{"rendered":"http:\/\/dev.bzotech.com\/templates\/bw_medxtore\/?page_id=3"},"modified":"2026-01-21T00:47:42","modified_gmt":"2026-01-20T21:47:42","slug":"gizlilik-politikasi","status":"publish","type":"page","link":"https:\/\/tekdiamond.com\/en\/gizlilik-politikasi\/","title":{"rendered":"Gizlilik Politikas\u0131"},"content":{"rendered":"<h1 class=\"wp-block-heading\" data-start=\"244\" data-end=\"278\">Gizlilik Politikas\u0131 (Tekdiamond)<\/h1>\r\n<p data-start=\"280\" data-end=\"568\">Bu Gizlilik Politikas\u0131, <strong data-start=\"304\" data-end=\"318\">Tekdiamond<\/strong> (\u201c\u015eirket\u201d, \u201cbiz\u201d) taraf\u0131ndan i\u015fletilen <strong data-start=\"358\" data-end=\"384\"><a class=\"decorated-link cursor-pointer\" target=\"_new\" rel=\"noopener\" data-start=\"360\" data-end=\"382\">https:\/\/tekdiamond.com<\/a><\/strong> (\u201cSite\u201d) \u00fczerinden toplanan ki\u015fisel verilerin nas\u0131l i\u015flendi\u011fini, sakland\u0131\u011f\u0131n\u0131 ve korundu\u011funu a\u00e7\u0131klar. Siteyi kullanarak bu politikada belirtilen uygulamalar\u0131 kabul etmi\u015f say\u0131l\u0131rs\u0131n\u0131z.<\/p>\r\n<h2 data-start=\"570\" data-end=\"586\">1) Biz Kimiz?<\/h2>\r\n<p data-start=\"587\" data-end=\"773\">Bu sitenin web adresi: <strong data-start=\"610\" data-end=\"636\"><a class=\"decorated-link cursor-pointer\" target=\"_new\" rel=\"noopener\" data-start=\"612\" data-end=\"634\">https:\/\/tekdiamond.com<\/a><\/strong><br data-start=\"636\" data-end=\"639\" \/>Veri Sorumlusu: <strong data-start=\"655\" data-end=\"669\">Tekdiamond<\/strong><br data-start=\"669\" data-end=\"672\" \/>\u0130leti\u015fim: <strong data-start=\"682\" data-end=\"707\">[<a class=\"decorated-link cursor-pointer\" rel=\"noopener\">info@tekdiamond.com<\/a>]<\/strong> | <strong data-start=\"710\" data-end=\"727\">[+90 506 609 81 15 ]<\/strong><br data-start=\"727\" data-end=\"730\" \/>Adres: <strong data-start=\"737\" data-end=\"773\">[ Mimar Hayrettin, Sucu Baki Sk. Baysal saray i\u015f merkezi No:1 Kat:2 Daire:201, 34126 Fatih\/\u0130stanbul ]\u00a0<\/strong><\/p>\r\n<h2 data-start=\"775\" data-end=\"811\">2) Hangi Verileri Toplayabiliriz?<\/h2>\r\n<p data-start=\"812\" data-end=\"876\">Siteyi kullan\u0131m\u0131n\u0131za ba\u011fl\u0131 olarak a\u015fa\u011f\u0131daki veriler i\u015flenebilir:<\/p>\r\n<ul data-start=\"877\" data-end=\"1133\">\r\n<li data-start=\"877\" data-end=\"933\">\r\n<p data-start=\"879\" data-end=\"933\">Yorum formu verileri (ad, e-posta, yorum i\u00e7eri\u011fi gibi)<\/p>\r\n<\/li>\r\n<li data-start=\"934\" data-end=\"1014\">\r\n<p data-start=\"936\" data-end=\"1014\">Teknik veriler (IP adresi, taray\u0131c\u0131 bilgisi\/user agent, cihaz-oturum verileri)<\/p>\r\n<\/li>\r\n<li data-start=\"1015\" data-end=\"1084\">\r\n<p data-start=\"1017\" data-end=\"1084\">\u00c7erez verileri (oturum, tercih, g\u00fcvenlik ve analiz ama\u00e7l\u0131 \u00e7erezler)<\/p>\r\n<\/li>\r\n<li data-start=\"1085\" data-end=\"1133\">\r\n<p data-start=\"1087\" data-end=\"1133\">Siteye y\u00fckledi\u011finiz i\u00e7erikler (\u00f6rn. g\u00f6rseller)<\/p>\r\n<\/li>\r\n<\/ul>\r\n<h2 data-start=\"1135\" data-end=\"1149\">3) Yorumlar<\/h2>\r\n<p data-start=\"1150\" data-end=\"1702\">Ziyaret\u00e7iler sitede yorum b\u0131rakt\u0131\u011f\u0131nda; yorum formunda g\u00f6sterilen verileri ve ayr\u0131ca <strong data-start=\"1235\" data-end=\"1268\">spam tespitine yard\u0131mc\u0131 olmak<\/strong> amac\u0131yla ziyaret\u00e7inin <strong data-start=\"1291\" data-end=\"1304\">IP adresi<\/strong> ile <strong data-start=\"1309\" data-end=\"1342\">taray\u0131c\u0131 bilgisi (user agent)<\/strong> toplanabilir.<br data-start=\"1356\" data-end=\"1359\" \/>E-posta adresinizden t\u00fcretilen anonimle\u015ftirilmi\u015f bir dize (hash), Gravatar hizmetini kullan\u0131p kullanmad\u0131\u011f\u0131n\u0131z\u0131 kontrol etmek amac\u0131yla Gravatar\u2019a iletilebilir. Gravatar\u2019\u0131n gizlilik politikas\u0131 Automattic \u00fczerinden incelenebilir. Yorumunuz onayland\u0131ktan sonra, profil g\u00f6rseliniz (varsa) yorumunuzla birlikte herkese a\u00e7\u0131k \u015fekilde g\u00f6r\u00fcnt\u00fclenebilir.<\/p>\r\n<h2 data-start=\"1704\" data-end=\"1715\">4) Medya<\/h2>\r\n<p data-start=\"1716\" data-end=\"1939\">Siteye g\u00f6rsel y\u00fckl\u00fcyorsan\u0131z, g\u00f6rsellerin i\u00e7inde yer alabilecek <strong data-start=\"1779\" data-end=\"1808\">konum verileri (EXIF GPS)<\/strong> bulunmamas\u0131n\u0131 \u00f6neririz. Ziyaret\u00e7iler sitedeki g\u00f6rselleri indirip, g\u00f6rsellerde yer alan konum verilerini teknik olarak \u00e7\u0131karabilir.<\/p>\r\n<h2 data-start=\"1941\" data-end=\"1965\">5) \u00c7erezler (Cookies)<\/h2>\r\n<p data-start=\"1966\" data-end=\"2198\">Sitemize yorum b\u0131rak\u0131rsan\u0131z; ad\u0131n\u0131z, e-posta adresiniz ve web siteniz (varsa) \u00e7erezlerde saklanmas\u0131n\u0131 isteyebilirsiniz. Bu, sonraki yorumlar\u0131n\u0131zda bilgilerinizi tekrar girmenizi kolayla\u015ft\u0131r\u0131r. Bu \u00e7erezler <strong data-start=\"2171\" data-end=\"2180\">1 y\u0131l<\/strong> s\u00fcreyle saklan\u0131r.<\/p>\r\n<p data-start=\"2200\" data-end=\"2391\">Giri\u015f sayfam\u0131z\u0131 ziyaret etti\u011finizde, taray\u0131c\u0131n\u0131z\u0131n \u00e7erez kabul edip etmedi\u011fini anlamak i\u00e7in ge\u00e7ici bir \u00e7erez olu\u015fturulabilir. Bu \u00e7erez ki\u015fisel veri i\u00e7ermez ve taray\u0131c\u0131 kapat\u0131ld\u0131\u011f\u0131nda silinir.<\/p>\r\n<p data-start=\"2393\" data-end=\"2504\">Siteye giri\u015f yapt\u0131\u011f\u0131n\u0131zda, oturum bilgilerinizi ve ekran tercihlerinizi kaydetmek i\u00e7in \u00e7erezler kullan\u0131labilir:<\/p>\r\n<ul data-start=\"2505\" data-end=\"2708\">\r\n<li data-start=\"2505\" data-end=\"2532\">\r\n<p data-start=\"2507\" data-end=\"2532\">Giri\u015f \u00e7erezleri <strong data-start=\"2523\" data-end=\"2532\">2 g\u00fcn<\/strong><\/p>\r\n<\/li>\r\n<li data-start=\"2533\" data-end=\"2571\">\r\n<p data-start=\"2535\" data-end=\"2571\">Ekran tercihleri \u00e7erezleri <strong data-start=\"2562\" data-end=\"2571\">1 y\u0131l<\/strong><\/p>\r\n<\/li>\r\n<li data-start=\"2572\" data-end=\"2708\">\r\n<p data-start=\"2574\" data-end=\"2708\">\u201cBeni Hat\u0131rla\u201d se\u00e7ene\u011fi i\u015faretlenirse oturumunuz <strong data-start=\"2623\" data-end=\"2634\">2 hafta<\/strong> a\u00e7\u0131k kalabilir<br data-start=\"2649\" data-end=\"2652\" \/>Hesab\u0131n\u0131zdan \u00e7\u0131k\u0131\u015f yapt\u0131\u011f\u0131n\u0131zda giri\u015f \u00e7erezleri silinir.<\/p>\r\n<\/li>\r\n<\/ul>\r\n<p data-start=\"2710\" data-end=\"2902\">Bir yaz\u0131y\u0131 d\u00fczenler veya yay\u0131mlarsan\u0131z, taray\u0131c\u0131n\u0131za ek bir \u00e7erez kaydedilebilir. Bu \u00e7erez ki\u015fisel veri i\u00e7ermez; yaln\u0131zca d\u00fczenledi\u011finiz yaz\u0131n\u0131n ID bilgisini i\u00e7erir ve <strong data-start=\"2878\" data-end=\"2887\">1 g\u00fcn<\/strong> sonra silinir.<\/p>\r\n<h2 data-start=\"2904\" data-end=\"2940\">6) Di\u011fer Sitelerden G\u00f6m\u00fcl\u00fc \u0130\u00e7erik<\/h2>\r\n<p data-start=\"2941\" data-end=\"3182\">Bu sitedeki baz\u0131 i\u00e7erikler g\u00f6m\u00fcl\u00fc i\u00e7erik (\u00f6r. video, g\u00f6rsel, harita, Instagram g\u00f6nderisi vb.) i\u00e7erebilir. G\u00f6m\u00fcl\u00fc i\u00e7erikler, ziyaret\u00e7inin ilgili \u00fc\u00e7\u00fcnc\u00fc taraf web sitesini ziyaret etmi\u015f gibi \u00e7al\u0131\u015fmas\u0131na neden olabilir. Bu \u00fc\u00e7\u00fcnc\u00fc taraf siteler:<\/p>\r\n<ul data-start=\"3183\" data-end=\"3436\">\r\n<li data-start=\"3183\" data-end=\"3214\">\r\n<p data-start=\"3185\" data-end=\"3214\">Hakk\u0131n\u0131zda veri toplayabilir,<\/p>\r\n<\/li>\r\n<li data-start=\"3215\" data-end=\"3236\">\r\n<p data-start=\"3217\" data-end=\"3236\">\u00c7erez kullanabilir,<\/p>\r\n<\/li>\r\n<li data-start=\"3237\" data-end=\"3286\">\r\n<p data-start=\"3239\" data-end=\"3286\">Ek \u00fc\u00e7\u00fcnc\u00fc taraf takip ara\u00e7lar\u0131 yerle\u015ftirebilir,<\/p>\r\n<\/li>\r\n<li data-start=\"3287\" data-end=\"3436\">\r\n<p data-start=\"3289\" data-end=\"3436\">G\u00f6m\u00fcl\u00fc i\u00e7erikle etkile\u015fiminizi izleyebilir.<br data-start=\"3332\" data-end=\"3335\" \/>\u00dc\u00e7\u00fcnc\u00fc taraf sitede hesab\u0131n\u0131z varsa ve oturum a\u00e7\u0131ksa, etkile\u015fiminiz hesab\u0131n\u0131zla ili\u015fkilendirilebilir.<\/p>\r\n<\/li>\r\n<\/ul>\r\n<h2 data-start=\"3438\" data-end=\"3479\">7) Verilerinizi Kimlerle Payla\u015f\u0131yoruz?<\/h2>\r\n<p data-start=\"3480\" data-end=\"3610\">Tekdiamond, ki\u015fisel verilerinizi <strong data-start=\"3513\" data-end=\"3523\">satmaz<\/strong>. Ancak hizmetin sa\u011flanmas\u0131 i\u00e7in s\u0131n\u0131rl\u0131 \u00f6l\u00e7\u00fcde a\u015fa\u011f\u0131daki taraflarla payla\u015f\u0131m olabilir:<\/p>\r\n<ul data-start=\"3611\" data-end=\"3746\">\r\n<li data-start=\"3611\" data-end=\"3658\">\r\n<p data-start=\"3613\" data-end=\"3658\">Bar\u0131nd\u0131rma (hosting) ve altyap\u0131 sa\u011flay\u0131c\u0131lar\u0131<\/p>\r\n<\/li>\r\n<li data-start=\"3659\" data-end=\"3696\">\r\n<p data-start=\"3661\" data-end=\"3696\">G\u00fcvenlik\/spam filtreleme hizmetleri<\/p>\r\n<\/li>\r\n<li data-start=\"3697\" data-end=\"3746\">\r\n<p data-start=\"3699\" data-end=\"3746\">Site i\u00e7i eklenti ve teknik servis sa\u011flay\u0131c\u0131lar\u0131<\/p>\r\n<\/li>\r\n<\/ul>\r\n<p data-start=\"3748\" data-end=\"3865\">Ayr\u0131ca, <strong data-start=\"3756\" data-end=\"3775\">\u015fifre s\u0131f\u0131rlama<\/strong> talebinde bulunursan\u0131z, IP adresiniz g\u00fcvenlik amac\u0131yla s\u0131f\u0131rlama e-postas\u0131na eklenebilir.<\/p>\r\n<h2 data-start=\"3867\" data-end=\"3907\">8) Verileri Ne Kadar S\u00fcre Sakl\u0131yoruz?<\/h2>\r\n<ul data-start=\"3908\" data-end=\"4355\">\r\n<li data-start=\"3908\" data-end=\"4047\">\r\n<p data-start=\"3910\" data-end=\"4047\">Bir yorum b\u0131rak\u0131rsan\u0131z, yorum ve meta verileri <strong data-start=\"3957\" data-end=\"3968\">s\u00fcresiz<\/strong> saklanabilir (takip yorumlar\u0131n\u0131 otomatik tan\u0131ma ve moderasyon kolayl\u0131\u011f\u0131 i\u00e7in).<\/p>\r\n<\/li>\r\n<li data-start=\"4048\" data-end=\"4355\">\r\n<p data-start=\"4050\" data-end=\"4355\">Sitede kullan\u0131c\u0131 kayd\u0131 varsa: kay\u0131tl\u0131 kullan\u0131c\u0131lar\u0131n profil bilgileri, kullan\u0131c\u0131 hesab\u0131 aktif oldu\u011fu s\u00fcrece saklanabilir. Kullan\u0131c\u0131lar ki\u015fisel bilgilerini g\u00f6rebilir, d\u00fczenleyebilir veya silebilir (kullan\u0131c\u0131 ad\u0131 genelde de\u011fi\u015ftirilemez). Site y\u00f6neticileri de bu bilgileri g\u00f6r\u00fcnt\u00fcleyebilir ve d\u00fczenleyebilir.<\/p>\r\n<\/li>\r\n<\/ul>\r\n<h2 data-start=\"4357\" data-end=\"4377\">9) Veri G\u00fcvenli\u011fi<\/h2>\r\n<p data-start=\"4378\" data-end=\"4566\">Ki\u015fisel verilerinizi korumak i\u00e7in makul teknik ve idari g\u00fcvenlik \u00f6nlemleri uygular\u0131z. Bununla birlikte, internet \u00fczerinden yap\u0131lan veri aktar\u0131m\u0131n\u0131n tamamen g\u00fcvenli oldu\u011fu garanti edilemez.<\/p>\r\n<h2 data-start=\"4568\" data-end=\"4585\">10) Haklar\u0131n\u0131z<\/h2>\r\n<p data-start=\"4586\" data-end=\"4634\">Sitede hesab\u0131n\u0131z varsa veya yorum b\u0131rakt\u0131ysan\u0131z:<\/p>\r\n<ul data-start=\"4635\" data-end=\"4875\">\r\n<li data-start=\"4635\" data-end=\"4726\">\r\n<p data-start=\"4637\" data-end=\"4726\">Hakk\u0131n\u0131zda tuttu\u011fumuz ki\u015fisel verilerin bir kopyas\u0131n\u0131 talep edebilirsiniz (d\u0131\u015fa aktarma),<\/p>\r\n<\/li>\r\n<li data-start=\"4727\" data-end=\"4875\">\r\n<p data-start=\"4729\" data-end=\"4875\">Ki\u015fisel verilerinizin silinmesini talep edebilirsiniz.<br data-start=\"4783\" data-end=\"4786\" \/>Bu talepler; idari, yasal veya g\u00fcvenlik ama\u00e7lar\u0131yla saklamam\u0131z gereken verileri kapsamaz.<\/p>\r\n<\/li>\r\n<\/ul>\r\n<h2 data-start=\"4877\" data-end=\"4914\">11) Verileriniz Nereye G\u00f6nderilir?<\/h2>\r\n<p data-start=\"4915\" data-end=\"5002\">Ziyaret\u00e7i yorumlar\u0131, otomatik bir <strong data-start=\"4949\" data-end=\"4964\">spam tespit<\/strong> hizmeti \u00fczerinden kontrol edilebilir.<\/p>\r\n<h2 data-start=\"5004\" data-end=\"5019\">12) \u0130leti\u015fim<\/h2>\r\n<p data-start=\"5020\" data-end=\"5208\">Gizlilik politikam\u0131z veya ki\u015fisel verileriniz ile ilgili talepleriniz i\u00e7in bize ula\u015fabilirsiniz:<br data-start=\"5116\" data-end=\"5119\" \/>E-posta: <strong data-start=\"5128\" data-end=\"5153\">[<a class=\"decorated-link cursor-pointer\" rel=\"noopener\">info@tekdiamond.com<\/a>]<\/strong><br data-start=\"5153\" data-end=\"5156\" \/>Telefon: <strong data-start=\"710\" data-end=\"727\">[+90 506 609 81 15 ]<\/strong><br data-start=\"5182\" data-end=\"5185\" \/>Adres: <strong data-start=\"737\" data-end=\"773\">[ Mimar Hayrettin, Sucu Baki Sk. Baysal saray i\u015f merkezi No:1 Kat:2 Daire:201, 34126 Fatih\/\u0130stanbul ]\u00a0<\/strong><\/p>","protected":false},"excerpt":{"rendered":"<p>Gizlilik Politikas\u0131 (Tekdiamond) Bu Gizlilik Politikas\u0131, Tekdiamond (\u201c\u015eirket\u201d, \u201cbiz\u201d) taraf\u0131ndan i\u015fletilen https:\/\/tekdiamond.com (\u201cSite\u201d) \u00fczerinden toplanan ki\u015fisel verilerin nas\u0131l i\u015flendi\u011fini, sakland\u0131\u011f\u0131n\u0131 ve korundu\u011funu a\u00e7\u0131klar. Siteyi kullanarak bu politikada belirtilen uygulamalar\u0131 kabul etmi\u015f say\u0131l\u0131rs\u0131n\u0131z. 1) Biz Kimiz? Bu sitenin web adresi: https:\/\/tekdiamond.comVeri Sorumlusu: Tekdiamond\u0130leti\u015fim: [info@tekdiamond.com] | [+90 506 609 81 15 ]Adres: [ Mimar Hayrettin, Sucu Baki [&hellip;]<\/p>","protected":false},"author":1,"featured_media":0,"parent":0,"menu_order":0,"comment_status":"closed","ping_status":"closed","template":"","meta":{"footnotes":""},"class_list":["post-9172","page","type-page","status-publish","hentry"],"jetpack_sharing_enabled":true,"_links":{"self":[{"href":"https:\/\/tekdiamond.com\/en\/wp-json\/wp\/v2\/pages\/9172","targetHints":{"allow":["GET"]}}],"collection":[{"href":"https:\/\/tekdiamond.com\/en\/wp-json\/wp\/v2\/pages"}],"about":[{"href":"https:\/\/tekdiamond.com\/en\/wp-json\/wp\/v2\/types\/page"}],"author":[{"embeddable":true,"href":"https:\/\/tekdiamond.com\/en\/wp-json\/wp\/v2\/users\/1"}],"replies":[{"embeddable":true,"href":"https:\/\/tekdiamond.com\/en\/wp-json\/wp\/v2\/comments?post=9172"}],"version-history":[{"count":3,"href":"https:\/\/tekdiamond.com\/en\/wp-json\/wp\/v2\/pages\/9172\/revisions"}],"predecessor-version":[{"id":20241,"href":"https:\/\/tekdiamond.com\/en\/wp-json\/wp\/v2\/pages\/9172\/revisions\/20241"}],"wp:attachment":[{"href":"https:\/\/tekdiamond.com\/en\/wp-json\/wp\/v2\/media?parent=9172"}],"curies":[{"name":"wp","href":"https:\/\/api.w.org\/{rel}","templated":true}]}}