{"id":956,"date":"2022-11-23T01:44:08","date_gmt":"2022-11-23T01:44:08","guid":{"rendered":"https:\/\/demo.bzotech.com\/bw_aleta\/?page_id=956"},"modified":"2026-01-21T23:18:21","modified_gmt":"2026-01-21T20:18:21","slug":"hakkimizda","status":"publish","type":"page","link":"https:\/\/tekdiamond.com\/en\/hakkimizda\/","title":{"rendered":"Hakk\u0131m\u0131zda"},"content":{"rendered":"<div data-elementor-type=\"wp-page\" data-elementor-id=\"956\" class=\"elementor elementor-956\">\n\t\t\t\t<div class=\"elementor-element elementor-element-e87d6b1 e-flex e-con-boxed e-con e-parent\" data-id=\"e87d6b1\" data-element_type=\"container\">\n\t\t\t\t\t<div class=\"e-con-inner\">\n\t\t<div class=\"elementor-element elementor-element-8fa7afe e-con-full e-flex e-con e-child\" data-id=\"8fa7afe\" data-element_type=\"container\">\n\t\t\t\t<div class=\"elementor-element elementor-element-5d8d256 elementor-widget elementor-widget-bzotech-heading-global\" data-id=\"5d8d256\" data-element_type=\"widget\" data-widget_type=\"bzotech-heading-global.default\">\n\t\t\t\t<div class=\"elementor-widget-container\">\n\t\t\t\t\t<h2 class=\"container-flex-e elbzotech-heading-global font-title text-css-e font-medium text-uppercase title34 color-title elbzotech-heading-global-style1\">Hakk\u0131m\u0131zda<img decoding=\"async\" class=\"elbzotech-heading-global__icon\" alt=\"svg\" src=\"https:\/\/bw-giftxtore.bzotech.com\/wp-content\/uploads\/2023\/07\/STAR.svg\"><\/h2>\t\t\t\t<\/div>\n\t\t\t\t<\/div>\n\t\t\t\t<div class=\"elementor-element elementor-element-49bc46e elementor-widget elementor-widget-bzotech-heading-global\" data-id=\"49bc46e\" data-element_type=\"widget\" data-widget_type=\"bzotech-heading-global.default\">\n\t\t\t\t<div class=\"elementor-widget-container\">\n\t\t\t\t\t<div class=\"elbzotech-text-editor-global text-css-e\"><p>Tekdiamond, \u0130stanbul\u2019da p\u0131rlanta ve m\u00fccevher alan\u0131nda tekta\u015f, baget, tamtur ve \u00f6zel tasar\u0131m se\u00e7enekleri sunan; \u00fcr\u00fcn se\u00e7im s\u00fcrecinde \u015feffafl\u0131\u011f\u0131 ve g\u00fcveni \u00f6n planda tutan bir markad\u0131r. Koleksiyonlar\u0131nda, m\u00fcmk\u00fcn olan en y\u00fcksek kalite standard\u0131n\u0131 hedefleyerek uluslararas\u0131 sertifikal\u0131 (\u00f6r. GIA\/HRD) ta\u015f se\u00e7eneklerine \u00f6ncelik verir; ta\u015f se\u00e7imi, i\u015f\u00e7ilik, \u00f6l\u00e7\u00fc ve tasar\u0131m detaylar\u0131n\u0131 m\u00fc\u015fterinin beklentisine g\u00f6re titizlikle \u015fekillendirerek hem g\u00fcnl\u00fck kullan\u0131ma hem de \u00f6zel g\u00fcnlere uygun, zamans\u0131z par\u00e7alar \u00fcretmeyi ama\u00e7lar. Tekdiamond\u2019\u0131n oda\u011f\u0131; do\u011fru y\u00f6nlendirme, kaliteli i\u015f\u00e7ilik ve m\u00fc\u015fteri memnuniyetiyle uzun y\u0131llar keyifle kullan\u0131lacak m\u00fccevherleri eri\u015filebilir bir deneyimle sunmak; ma\u011faza ve online kanallar \u00fczerinden her a\u015famada destek vererek g\u00fcvene dayal\u0131 bir ili\u015fki kurmakt\u0131r.<\/p><\/div>\t\t\t\t<\/div>\n\t\t\t\t<\/div>\n\t\t\t\t<\/div>\n\t\t<div class=\"elementor-element elementor-element-14ec06e e-con-full e-flex e-con e-child\" data-id=\"14ec06e\" data-element_type=\"container\">\n\t\t\t\t<div class=\"elementor-element elementor-element-532fe2d elementor-widget elementor-widget-bzotech-banner-info-global\" data-id=\"532fe2d\" data-element_type=\"widget\" data-widget_type=\"bzotech-banner-info-global.default\">\n\t\t\t\t<div class=\"elementor-widget-container\">\n\t\t\t\t\t<div class=\"elbzotech-banner-info-global-wrap elbzotech-banner-info-global-elbzotech-bndf zoom-image elbzotech-hidden\" >\r\n\t\t\t<div class=\"elbzotech-banner-info-global-thumb zoom-image elbzotech-hidden\" >\r\n\t\t\t<a class=\"adv-thumb-link  elementor-animation-\" rel=\"nofollow\" >\r\n\t\t\t\t\t\t\t\t\t\t\t\t<img fetchpriority=\"high\" decoding=\"async\" width=\"950\" height=\"632\" src=\"https:\/\/tekdiamond.com\/wp-content\/uploads\/2026\/01\/Adsiz-tasarim-2026-01-21T231501.097.webp\" class=\"attachment-full size-full wp-image-20281\" alt=\"\" srcset=\"https:\/\/tekdiamond.com\/wp-content\/uploads\/2026\/01\/Adsiz-tasarim-2026-01-21T231501.097.webp 950w, https:\/\/tekdiamond.com\/wp-content\/uploads\/2026\/01\/Adsiz-tasarim-2026-01-21T231501.097-300x200.webp 300w, https:\/\/tekdiamond.com\/wp-content\/uploads\/2026\/01\/Adsiz-tasarim-2026-01-21T231501.097-768x511.webp 768w, https:\/\/tekdiamond.com\/wp-content\/uploads\/2026\/01\/Adsiz-tasarim-2026-01-21T231501.097-18x12.webp 18w, https:\/\/tekdiamond.com\/wp-content\/uploads\/2026\/01\/Adsiz-tasarim-2026-01-21T231501.097-600x399.webp 600w\" sizes=\"(max-width: 950px) 100vw, 950px\" \/>\t\t\t\t\t\t\t<\/a>\r\n\t\t<\/div>\r\n\t<\/div>\t\t\t\t<\/div>\n\t\t\t\t<\/div>\n\t\t\t\t<\/div>\n\t\t\t\t\t<\/div>\n\t\t\t\t<\/div>\n\t\t<div class=\"elementor-element elementor-element-a49c90d elementor-hidden-desktop elementor-hidden-laptop elementor-hidden-tablet_extra elementor-hidden-tablet elementor-hidden-mobile_extra elementor-hidden-mobile e-flex e-con-boxed e-con e-parent\" data-id=\"a49c90d\" data-element_type=\"container\">\n\t\t\t\t\t<div class=\"e-con-inner\">\n\t\t<div class=\"elementor-element elementor-element-e490e87 e-con-full e-flex e-con e-child\" data-id=\"e490e87\" data-element_type=\"container\">\n\t\t\t\t<div class=\"elementor-element elementor-element-1170675 elementor-widget elementor-widget-bzotech-banner-info-global\" data-id=\"1170675\" data-element_type=\"widget\" data-widget_type=\"bzotech-banner-info-global.default\">\n\t\t\t\t<div class=\"elementor-widget-container\">\n\t\t\t\t\t<div class=\"elbzotech-banner-info-global-wrap elbzotech-banner-info-global-elbzotech-bndf pull-curtain zoom-image elbzotech-hidden\" >\r\n\t\t\t<div class=\"elbzotech-banner-info-global-thumb pull-curtain zoom-image elbzotech-hidden\" >\r\n\t\t\t<a class=\"adv-thumb-link  elementor-animation-\" rel=\"nofollow\" href=\"#\" >\r\n\t\t\t\t\t\t\t\t\t\t\t\t<img decoding=\"async\" width=\"460\" height=\"585\" src=\"https:\/\/tekdiamond.com\/wp-content\/uploads\/2023\/08\/about1-team1.jpg\" class=\"attachment-full size-full wp-image-13969\" alt=\"\" srcset=\"https:\/\/tekdiamond.com\/wp-content\/uploads\/2023\/08\/about1-team1.jpg 460w, https:\/\/tekdiamond.com\/wp-content\/uploads\/2023\/08\/about1-team1-236x300.jpg 236w, https:\/\/tekdiamond.com\/wp-content\/uploads\/2023\/08\/about1-team1-9x12.jpg 9w\" sizes=\"(max-width: 460px) 100vw, 460px\" \/>\t\t\t\t\t\t\t<\/a>\r\n\t\t<\/div>\r\n\t<\/div>\t\t\t\t<\/div>\n\t\t\t\t<\/div>\n\t\t\t\t<div class=\"elementor-element elementor-element-5e06906 elementor-widget elementor-widget-bzotech-heading-global\" data-id=\"5e06906\" data-element_type=\"widget\" data-widget_type=\"bzotech-heading-global.default\">\n\t\t\t\t<div class=\"elementor-widget-container\">\n\t\t\t\t\t<h2 class=\"container-flex-e elbzotech-heading-global font-title text-css-e font-medium text-uppercase title34 color-title elbzotech-heading-global-style1\">Albert Flores<\/h2>\t\t\t\t<\/div>\n\t\t\t\t<\/div>\n\t\t\t\t<div class=\"elementor-element elementor-element-7acc75b elementor-widget elementor-widget-bzotech-heading-global\" data-id=\"7acc75b\" data-element_type=\"widget\" data-widget_type=\"bzotech-heading-global.default\">\n\t\t\t\t<div class=\"elementor-widget-container\">\n\t\t\t\t\t<div class=\"elbzotech-text-editor-global text-css-e\"><p>CEO<\/p><\/div>\t\t\t\t<\/div>\n\t\t\t\t<\/div>\n\t\t\t\t<\/div>\n\t\t<div class=\"elementor-element elementor-element-2d3ac6b e-con-full e-flex e-con e-child\" data-id=\"2d3ac6b\" data-element_type=\"container\">\n\t\t\t\t<div class=\"elementor-element elementor-element-02c3fbd elementor-widget elementor-widget-bzotech-banner-info-global\" data-id=\"02c3fbd\" data-element_type=\"widget\" data-widget_type=\"bzotech-banner-info-global.default\">\n\t\t\t\t<div class=\"elementor-widget-container\">\n\t\t\t\t\t<div class=\"elbzotech-banner-info-global-wrap elbzotech-banner-info-global-elbzotech-bndf pull-curtain zoom-image elbzotech-hidden\" >\r\n\t\t\t<div class=\"elbzotech-banner-info-global-thumb pull-curtain zoom-image elbzotech-hidden\" >\r\n\t\t\t<a class=\"adv-thumb-link  elementor-animation-\" rel=\"nofollow\" href=\"#\" >\r\n\t\t\t\t\t\t\t\t\t\t\t\t<img decoding=\"async\" width=\"460\" height=\"585\" src=\"https:\/\/tekdiamond.com\/wp-content\/uploads\/2023\/08\/about1-team2.jpg\" class=\"attachment-full size-full wp-image-13973\" alt=\"\" srcset=\"https:\/\/tekdiamond.com\/wp-content\/uploads\/2023\/08\/about1-team2.jpg 460w, https:\/\/tekdiamond.com\/wp-content\/uploads\/2023\/08\/about1-team2-236x300.jpg 236w, https:\/\/tekdiamond.com\/wp-content\/uploads\/2023\/08\/about1-team2-9x12.jpg 9w\" sizes=\"(max-width: 460px) 100vw, 460px\" \/>\t\t\t\t\t\t\t<\/a>\r\n\t\t<\/div>\r\n\t<\/div>\t\t\t\t<\/div>\n\t\t\t\t<\/div>\n\t\t\t\t<div class=\"elementor-element elementor-element-35a891f elementor-widget elementor-widget-bzotech-heading-global\" data-id=\"35a891f\" data-element_type=\"widget\" data-widget_type=\"bzotech-heading-global.default\">\n\t\t\t\t<div class=\"elementor-widget-container\">\n\t\t\t\t\t<h2 class=\"container-flex-e elbzotech-heading-global font-title text-css-e font-medium text-uppercase title34 color-title elbzotech-heading-global-style1\">Arlene McCoy<\/h2>\t\t\t\t<\/div>\n\t\t\t\t<\/div>\n\t\t\t\t<div class=\"elementor-element elementor-element-2798633 elementor-widget elementor-widget-bzotech-heading-global\" data-id=\"2798633\" data-element_type=\"widget\" data-widget_type=\"bzotech-heading-global.default\">\n\t\t\t\t<div class=\"elementor-widget-container\">\n\t\t\t\t\t<div class=\"elbzotech-text-editor-global text-css-e\"><p>DIRECT MANAGER<\/p><\/div>\t\t\t\t<\/div>\n\t\t\t\t<\/div>\n\t\t\t\t<\/div>\n\t\t<div class=\"elementor-element elementor-element-58a6ae7 e-con-full e-flex e-con e-child\" data-id=\"58a6ae7\" data-element_type=\"container\">\n\t\t\t\t<div class=\"elementor-element elementor-element-80b795d elementor-widget elementor-widget-bzotech-banner-info-global\" data-id=\"80b795d\" data-element_type=\"widget\" data-widget_type=\"bzotech-banner-info-global.default\">\n\t\t\t\t<div class=\"elementor-widget-container\">\n\t\t\t\t\t<div class=\"elbzotech-banner-info-global-wrap elbzotech-banner-info-global-elbzotech-bndf pull-curtain zoom-image elbzotech-hidden\" >\r\n\t\t\t<div class=\"elbzotech-banner-info-global-thumb pull-curtain zoom-image elbzotech-hidden\" >\r\n\t\t\t<a class=\"adv-thumb-link  elementor-animation-\" rel=\"nofollow\" href=\"#\" >\r\n\t\t\t\t\t\t\t\t\t\t\t\t<img loading=\"lazy\" decoding=\"async\" width=\"460\" height=\"585\" src=\"https:\/\/tekdiamond.com\/wp-content\/uploads\/2023\/08\/about1-team3.jpg\" class=\"attachment-full size-full wp-image-13972\" alt=\"\" srcset=\"https:\/\/tekdiamond.com\/wp-content\/uploads\/2023\/08\/about1-team3.jpg 460w, https:\/\/tekdiamond.com\/wp-content\/uploads\/2023\/08\/about1-team3-236x300.jpg 236w, https:\/\/tekdiamond.com\/wp-content\/uploads\/2023\/08\/about1-team3-9x12.jpg 9w\" sizes=\"(max-width: 460px) 100vw, 460px\" \/>\t\t\t\t\t\t\t<\/a>\r\n\t\t<\/div>\r\n\t<\/div>\t\t\t\t<\/div>\n\t\t\t\t<\/div>\n\t\t\t\t<div class=\"elementor-element elementor-element-8c4c4fe elementor-widget elementor-widget-bzotech-heading-global\" data-id=\"8c4c4fe\" data-element_type=\"widget\" data-widget_type=\"bzotech-heading-global.default\">\n\t\t\t\t<div class=\"elementor-widget-container\">\n\t\t\t\t\t<h2 class=\"container-flex-e elbzotech-heading-global font-title text-css-e font-medium text-uppercase title34 color-title elbzotech-heading-global-style1\">Dianne Russell<\/h2>\t\t\t\t<\/div>\n\t\t\t\t<\/div>\n\t\t\t\t<div class=\"elementor-element elementor-element-666b774 elementor-widget elementor-widget-bzotech-heading-global\" data-id=\"666b774\" data-element_type=\"widget\" data-widget_type=\"bzotech-heading-global.default\">\n\t\t\t\t<div class=\"elementor-widget-container\">\n\t\t\t\t\t<div class=\"elbzotech-text-editor-global text-css-e\"><p>CO &#8211; FOUNDER<\/p><\/div>\t\t\t\t<\/div>\n\t\t\t\t<\/div>\n\t\t\t\t<\/div>\n\t\t\t\t\t<\/div>\n\t\t\t\t<\/div>\n\t\t<div class=\"elementor-element elementor-element-82053a5 e-flex e-con-boxed e-con e-parent\" data-id=\"82053a5\" data-element_type=\"container\">\n\t\t\t\t\t<div class=\"e-con-inner\">\n\t\t<div class=\"elementor-element elementor-element-f22abcc e-con-full e-flex e-con e-child\" data-id=\"f22abcc\" data-element_type=\"container\">\n\t\t\t\t<div class=\"elementor-element elementor-element-25b0a17 elementor-widget elementor-widget-bzotech-heading-global\" data-id=\"25b0a17\" data-element_type=\"widget\" data-widget_type=\"bzotech-heading-global.default\">\n\t\t\t\t<div class=\"elementor-widget-container\">\n\t\t\t\t\t<h2 class=\"container-flex-e elbzotech-heading-global font-title text-css-e font-medium text-uppercase title34 color-title elbzotech-heading-global-style1\">Adres<\/h2>\t\t\t\t<\/div>\n\t\t\t\t<\/div>\n\t\t\t\t<div class=\"elementor-element elementor-element-7dd478c elementor-widget__width-initial elementor-widget-mobile__width-inherit elementor-widget elementor-widget-bzotech-heading-global\" data-id=\"7dd478c\" data-element_type=\"widget\" data-widget_type=\"bzotech-heading-global.default\">\n\t\t\t\t<div class=\"elementor-widget-container\">\n\t\t\t\t\t<p class=\"e-color-body container-flex-e elbzotech-heading-global font-title text-css-e font-medium text-uppercase title34 color-title elbzotech-heading-global-style1\"><a href=\"https:\/\/maps.app.goo.gl\/ykoThpd1qMojgybWA\">Mimar Hayrettin, Sucu Baki Sk. Baysal saray i\u015f merkezi <br>No:1 Kat:2 Daire:201, \n<br>34126 Fatih\/\u0130stanbul<\/a><\/p>\t\t\t\t<\/div>\n\t\t\t\t<\/div>\n\t\t\t\t<div class=\"elementor-element elementor-element-bc4c63a elementor-widget elementor-widget-bzotech-heading-global\" data-id=\"bc4c63a\" data-element_type=\"widget\" data-widget_type=\"bzotech-heading-global.default\">\n\t\t\t\t<div class=\"elementor-widget-container\">\n\t\t\t\t\t<h2 class=\"container-flex-e elbzotech-heading-global font-title text-css-e font-medium text-uppercase title34 color-title elbzotech-heading-global-style1\">Telefon<\/h2>\t\t\t\t<\/div>\n\t\t\t\t<\/div>\n\t\t\t\t<div class=\"elementor-element elementor-element-8199d5e elementor-widget__width-initial elementor-widget-mobile__width-inherit elementor-widget elementor-widget-bzotech-heading-global\" data-id=\"8199d5e\" data-element_type=\"widget\" data-widget_type=\"bzotech-heading-global.default\">\n\t\t\t\t<div class=\"elementor-widget-container\">\n\t\t\t\t\t<p class=\"e-color-body container-flex-e elbzotech-heading-global font-title text-css-e font-medium text-uppercase title34 color-title elbzotech-heading-global-style1\"><a href=\"tel:+905066098115\">0506 609 81 15<\/a><\/p>\t\t\t\t<\/div>\n\t\t\t\t<\/div>\n\t\t\t\t<div class=\"elementor-element elementor-element-a1c4cfb elementor-widget elementor-widget-bzotech-heading-global\" data-id=\"a1c4cfb\" data-element_type=\"widget\" data-widget_type=\"bzotech-heading-global.default\">\n\t\t\t\t<div class=\"elementor-widget-container\">\n\t\t\t\t\t<h2 class=\"container-flex-e elbzotech-heading-global font-title text-css-e font-medium text-uppercase title34 color-title elbzotech-heading-global-style1\">E-Posta<\/h2>\t\t\t\t<\/div>\n\t\t\t\t<\/div>\n\t\t\t\t<div class=\"elementor-element elementor-element-7dd0f20 elementor-widget__width-initial elementor-widget-mobile__width-inherit elementor-widget elementor-widget-bzotech-heading-global\" data-id=\"7dd0f20\" data-element_type=\"widget\" data-widget_type=\"bzotech-heading-global.default\">\n\t\t\t\t<div class=\"elementor-widget-container\">\n\t\t\t\t\t<p class=\"e-color-body container-flex-e elbzotech-heading-global font-title text-css-e font-medium text-uppercase title34 color-title elbzotech-heading-global-style1\"><a href=\"mailto:info@tekdiamond.com\">info@tekdiamond.com<\/a><\/p>\t\t\t\t<\/div>\n\t\t\t\t<\/div>\n\t\t\t\t<div class=\"elementor-element elementor-element-34b6c47 elementor-widget elementor-widget-bzotech-heading-global\" data-id=\"34b6c47\" data-element_type=\"widget\" data-widget_type=\"bzotech-heading-global.default\">\n\t\t\t\t<div class=\"elementor-widget-container\">\n\t\t\t\t\t<h2 class=\"container-flex-e elbzotech-heading-global font-title text-css-e font-medium text-uppercase title34 color-title elbzotech-heading-global-style1\">\u00c7al\u0131\u015fma Saatlerimiz<\/h2>\t\t\t\t<\/div>\n\t\t\t\t<\/div>\n\t\t\t\t<div class=\"elementor-element elementor-element-0e1b405 elementor-widget__width-initial elementor-widget-mobile__width-inherit elementor-widget elementor-widget-bzotech-heading-global\" data-id=\"0e1b405\" data-element_type=\"widget\" data-widget_type=\"bzotech-heading-global.default\">\n\t\t\t\t<div class=\"elementor-widget-container\">\n\t\t\t\t\t<p class=\"e-color-body container-flex-e elbzotech-heading-global font-title text-css-e font-medium text-uppercase title34 color-title elbzotech-heading-global-style1\">Haftai\u00e7i 09:00-18:00 <br>\nCumartesi 09:00-14:30 <br>\nPazar: Kapal\u0131 <br>\n<\/p>\t\t\t\t<\/div>\n\t\t\t\t<\/div>\n\t\t\t\t<\/div>\n\t\t<div class=\"elementor-element elementor-element-a48edc0 e-con-full e-flex e-con e-child\" data-id=\"a48edc0\" data-element_type=\"container\">\n\t\t\t\t<div class=\"elementor-element elementor-element-9348978 elementor-widget elementor-widget-bzotech-banner-info-global\" data-id=\"9348978\" data-element_type=\"widget\" data-widget_type=\"bzotech-banner-info-global.default\">\n\t\t\t\t<div class=\"elementor-widget-container\">\n\t\t\t\t\t<div class=\"elbzotech-banner-info-global-wrap elbzotech-banner-info-global-elbzotech-bndf zoom-image elbzotech-hidden\" >\r\n\t\t\t<div class=\"elbzotech-banner-info-global-thumb zoom-image elbzotech-hidden\" >\r\n\t\t\t<a class=\"adv-thumb-link  elementor-animation-\" rel=\"nofollow\" >\r\n\t\t\t\t\t\t\t\t\t\t\t\t<img loading=\"lazy\" decoding=\"async\" width=\"950\" height=\"632\" src=\"https:\/\/tekdiamond.com\/wp-content\/uploads\/2026\/01\/Adsiz-tasarim-2026-01-21T231407.002.webp\" class=\"attachment-full size-full wp-image-20280\" alt=\"\" srcset=\"https:\/\/tekdiamond.com\/wp-content\/uploads\/2026\/01\/Adsiz-tasarim-2026-01-21T231407.002.webp 950w, https:\/\/tekdiamond.com\/wp-content\/uploads\/2026\/01\/Adsiz-tasarim-2026-01-21T231407.002-300x200.webp 300w, https:\/\/tekdiamond.com\/wp-content\/uploads\/2026\/01\/Adsiz-tasarim-2026-01-21T231407.002-768x511.webp 768w, https:\/\/tekdiamond.com\/wp-content\/uploads\/2026\/01\/Adsiz-tasarim-2026-01-21T231407.002-18x12.webp 18w, https:\/\/tekdiamond.com\/wp-content\/uploads\/2026\/01\/Adsiz-tasarim-2026-01-21T231407.002-600x399.webp 600w\" sizes=\"(max-width: 950px) 100vw, 950px\" \/>\t\t\t\t\t\t\t<\/a>\r\n\t\t<\/div>\r\n\t<\/div>\t\t\t\t<\/div>\n\t\t\t\t<\/div>\n\t\t\t\t<\/div>\n\t\t\t\t\t<\/div>\n\t\t\t\t<\/div>\n\t\t\t\t<\/div>","protected":false},"excerpt":{"rendered":"<p>Hakk\u0131m\u0131zda Tekdiamond, \u0130stanbul\u2019da p\u0131rlanta ve m\u00fccevher alan\u0131nda tekta\u015f, baget, tamtur ve \u00f6zel tasar\u0131m se\u00e7enekleri sunan; \u00fcr\u00fcn se\u00e7im s\u00fcrecinde \u015feffafl\u0131\u011f\u0131 ve g\u00fcveni \u00f6n planda tutan bir markad\u0131r. Koleksiyonlar\u0131nda, m\u00fcmk\u00fcn olan en y\u00fcksek kalite standard\u0131n\u0131 hedefleyerek uluslararas\u0131 sertifikal\u0131 (\u00f6r. GIA\/HRD) ta\u015f se\u00e7eneklerine \u00f6ncelik verir; ta\u015f se\u00e7imi, i\u015f\u00e7ilik, \u00f6l\u00e7\u00fc ve tasar\u0131m detaylar\u0131n\u0131 m\u00fc\u015fterinin beklentisine g\u00f6re titizlikle \u015fekillendirerek hem [&hellip;]<\/p>","protected":false},"author":1,"featured_media":0,"parent":0,"menu_order":0,"comment_status":"closed","ping_status":"closed","template":"elementor-template.php","meta":{"footnotes":""},"class_list":["post-956","page","type-page","status-publish","hentry"],"jetpack_sharing_enabled":true,"_links":{"self":[{"href":"https:\/\/tekdiamond.com\/en\/wp-json\/wp\/v2\/pages\/956","targetHints":{"allow":["GET"]}}],"collection":[{"href":"https:\/\/tekdiamond.com\/en\/wp-json\/wp\/v2\/pages"}],"about":[{"href":"https:\/\/tekdiamond.com\/en\/wp-json\/wp\/v2\/types\/page"}],"author":[{"embeddable":true,"href":"https:\/\/tekdiamond.com\/en\/wp-json\/wp\/v2\/users\/1"}],"replies":[{"embeddable":true,"href":"https:\/\/tekdiamond.com\/en\/wp-json\/wp\/v2\/comments?post=956"}],"version-history":[{"count":16,"href":"https:\/\/tekdiamond.com\/en\/wp-json\/wp\/v2\/pages\/956\/revisions"}],"predecessor-version":[{"id":20285,"href":"https:\/\/tekdiamond.com\/en\/wp-json\/wp\/v2\/pages\/956\/revisions\/20285"}],"wp:attachment":[{"href":"https:\/\/tekdiamond.com\/en\/wp-json\/wp\/v2\/media?parent=956"}],"curies":[{"name":"wp","href":"https:\/\/api.w.org\/{rel}","templated":true}]}}