{"id":20091,"date":"2026-01-15T00:31:00","date_gmt":"2026-01-14T21:31:00","guid":{"rendered":"http:\/\/tekdiamond.com\/?post_type=product&#038;p=20091"},"modified":"2026-01-20T22:22:35","modified_gmt":"2026-01-20T19:22:35","slug":"tektas-pirlanta-kupe","status":"publish","type":"product","link":"https:\/\/tekdiamond.com\/en\/product\/tektas-pirlanta-kupe\/","title":{"rendered":"Tekta\u015f P\u0131rlanta K\u00fcpe"},"content":{"rendered":"<div data-elementor-type=\"wp-post\" data-elementor-id=\"20091\" class=\"elementor elementor-20091\">\n\t\t\t\t<div class=\"elementor-element elementor-element-178ee79 e-con-full e-flex e-con e-parent\" data-id=\"178ee79\" data-element_type=\"container\">\n\t\t<div class=\"elementor-element elementor-element-3c3d318 e-con-full e-flex e-con e-child\" data-id=\"3c3d318\" data-element_type=\"container\">\n\t\t\t\t<div class=\"elementor-element elementor-element-6665868 elementor-widget elementor-widget-bzotech-heading-global\" data-id=\"6665868\" data-element_type=\"widget\" data-widget_type=\"bzotech-heading-global.default\">\n\t\t\t\t<div class=\"elementor-widget-container\">\n\t\t\t\t\t<h4 class=\"container-flex-e elbzotech-heading-global font-title text-css-e font-medium text-uppercase title34 color-title elbzotech-heading-global-style1\">TEK Diamond<\/h4>\t\t\t\t<\/div>\n\t\t\t\t<\/div>\n\t\t\t\t<div class=\"elementor-element elementor-element-7d05378 elementor-widget elementor-widget-bzotech-heading-global\" data-id=\"7d05378\" data-element_type=\"widget\" data-widget_type=\"bzotech-heading-global.default\">\n\t\t\t\t<div class=\"elementor-widget-container\">\n\t\t\t\t\t<div class=\"elbzotech-text-editor-global text-css-e\"><p>M\u00dcCEVHER\u0130N\u0130Z\u0130 AT\u00d6LYEDEN ALMANIN AVANTAJLARINI S\u0130ZDE YA\u015eAYIN \u00dcR\u00dcN B\u0130LG\u0130S\u0130 ALMAK \u0130\u00c7\u0130N B\u0130Z\u0130 ARAYAB\u0130L\u0130RS\u0130N\u0130Z&#8230;<br \/><br \/>\u00dcR\u00dcNLER\u0130M\u0130Z M\u00dcCEVHER SERT\u0130F\u0130KALIDIR&#8230;<br \/><br \/>MA\u011eAZALARA TOPTAN F\u0130YATINA VERD\u0130\u011e\u0130M\u0130Z \u00dcR\u00dcNLER\u0130M\u0130Z\u0130 S\u0130Z PERAKENDE M\u00dc\u015eTER\u0130LER\u0130M\u0130ZLE BULU\u015eTURUYORUZ<\/p><\/div>\t\t\t\t<\/div>\n\t\t\t\t<\/div>\n\t\t\t\t<div class=\"elementor-element elementor-element-2dc31e6 elementor-widget elementor-widget-bzotech-heading-global\" data-id=\"2dc31e6\" data-element_type=\"widget\" data-widget_type=\"bzotech-heading-global.default\">\n\t\t\t\t<div class=\"elementor-widget-container\">\n\t\t\t\t\t<h4 class=\"container-flex-e elbzotech-heading-global font-title text-css-e font-medium text-uppercase title34 color-title elbzotech-heading-global-style1\">\u00d6zg\u00fcrl\u00fck sizde<\/h4>\t\t\t\t<\/div>\n\t\t\t\t<\/div>\n\t\t\t\t<div class=\"elementor-element elementor-element-11a31be elementor-widget elementor-widget-bzotech_list_link_global\" data-id=\"11a31be\" data-element_type=\"widget\" data-widget_type=\"bzotech_list_link_global.default\">\n\t\t\t\t<div class=\"elementor-widget-container\">\n\t\t\t\t\t\t<div class=\"elbzotech-list-link-global-block elbzotech-list-link-global\">\r\n\t\t\t\t\t<a href=\"#\" class=\"item-link icon-position-left icon-check-yes elementor-repeater-item-a3d23eb\">\r\n\r\n\t\t\t\t<i class=\"far fa-dot-circle\"><\/i><span class=\"title\">\u0130stedi\u011finiz Ta\u015f\u0131 ve Mont\u00fcr\u00fc se\u00e7me imkan\u0131<\/span>\t\t\t<\/a>\r\n\t\t\t\t\t\t\t\t\t<a href=\"#\" class=\"item-link icon-position-left icon-check-yes elementor-repeater-item-38a346a\">\r\n\r\n\t\t\t\t<i class=\"far fa-dot-circle\"><\/i><span class=\"title\">\u0130stedi\u011finiz boyutlarda h\u0131zl\u0131 bir \u015fekilde \u00fcretim<\/span>\t\t\t<\/a>\r\n\t\t\t\t\t\t\t<\/div>\r\n\t\t\t\t\t<\/div>\n\t\t\t\t<\/div>\n\t\t\t\t<div class=\"elementor-element elementor-element-574b58a elementor-widget elementor-widget-bzotech-heading-global\" data-id=\"574b58a\" data-element_type=\"widget\" data-widget_type=\"bzotech-heading-global.default\">\n\t\t\t\t<div class=\"elementor-widget-container\">\n\t\t\t\t\t<h4 class=\"container-flex-e elbzotech-heading-global font-title text-css-e font-medium text-uppercase title34 color-title elbzotech-heading-global-style1\">\u00d6deme <\/h4>\t\t\t\t<\/div>\n\t\t\t\t<\/div>\n\t\t\t\t<div class=\"elementor-element elementor-element-413e900 elementor-widget elementor-widget-bzotech_list_link_global\" data-id=\"413e900\" data-element_type=\"widget\" data-widget_type=\"bzotech_list_link_global.default\">\n\t\t\t\t<div class=\"elementor-widget-container\">\n\t\t\t\t\t\t<div class=\"elbzotech-list-link-global-block elbzotech-list-link-global\">\r\n\t\t\t\t\t<a href=\"#\" class=\"item-link icon-position-left icon-check-yes elementor-repeater-item-9574e60\">\r\n\r\n\t\t\t\t<i class=\"far fa-dot-circle\"><\/i><span class=\"title\">T\u00dcM KRED\u0130 KARTLARINA TAKS\u0130T \u0130MKANI<\/span>\t\t\t<\/a>\r\n\t\t\t\t\t\t\t<\/div>\r\n\t\t\t\t\t<\/div>\n\t\t\t\t<\/div>\n\t\t\t\t<\/div>\n\t\t<div class=\"elementor-element elementor-element-641aa05 e-con-full e-flex e-con e-child\" data-id=\"641aa05\" data-element_type=\"container\">\n\t\t\t\t<div class=\"elementor-element elementor-element-3fea4db elementor-widget elementor-widget-bzotech-banner-info-global\" data-id=\"3fea4db\" data-element_type=\"widget\" data-widget_type=\"bzotech-banner-info-global.default\">\n\t\t\t\t<div class=\"elementor-widget-container\">\n\t\t\t\t\t<div class=\"elbzotech-banner-info-global-wrap elbzotech-banner-info-global-elbzotech-bndf  elbzotech-hidden\" >\r\n\t\t\t<div class=\"elbzotech-banner-info-global-thumb  elbzotech-hidden\" >\r\n\t\t\t<a class=\"adv-thumb-link  elementor-animation-\" rel=\"nofollow\" >\r\n\t\t\t\t\t\t\t\t\t\t\t\t<img fetchpriority=\"high\" decoding=\"async\" width=\"1440\" height=\"895\" src=\"https:\/\/tekdiamond.com\/wp-content\/uploads\/2023\/08\/Tek-diamond.webp\" class=\"attachment-full size-full wp-image-19735\" alt=\"\" srcset=\"https:\/\/tekdiamond.com\/wp-content\/uploads\/2023\/08\/Tek-diamond.webp 1440w, https:\/\/tekdiamond.com\/wp-content\/uploads\/2023\/08\/Tek-diamond-300x186.webp 300w, https:\/\/tekdiamond.com\/wp-content\/uploads\/2023\/08\/Tek-diamond-1024x636.webp 1024w, https:\/\/tekdiamond.com\/wp-content\/uploads\/2023\/08\/Tek-diamond-768x477.webp 768w, https:\/\/tekdiamond.com\/wp-content\/uploads\/2023\/08\/Tek-diamond-600x373.webp 600w, https:\/\/tekdiamond.com\/wp-content\/uploads\/2023\/08\/Tek-diamond-18x12.webp 18w\" sizes=\"(max-width: 1440px) 100vw, 1440px\" \/>\t\t\t\t\t\t\t<\/a>\r\n\t\t<\/div>\r\n\t<\/div>\t\t\t\t<\/div>\n\t\t\t\t<\/div>\n\t\t\t\t<\/div>\n\t\t\t\t<\/div>\n\t\t\t\t<\/div>","protected":false},"excerpt":{"rendered":"<p>M\u00dcCEVHER\u0130N\u0130Z\u0130 AT\u00d6LYEDEN ALMANIN AVANTAJLARINI S\u0130ZDE YA\u015eAYIN \u00dcR\u00dcN B\u0130LG\u0130S\u0130 ALMAK \u0130\u00c7\u0130N B\u0130Z\u0130 ARAYAB\u0130L\u0130RS\u0130N\u0130Z&#8230;<\/p>","protected":false},"featured_media":20116,"template":"","meta":[],"product_brand":[],"product_cat":[72,69],"product_tag":[],"class_list":{"0":"post-20091","1":"product","2":"type-product","3":"status-publish","4":"has-post-thumbnail","6":"product_cat-kupe","7":"product_cat-tektas-pirlanta-kupe","9":"first","10":"instock","11":"shipping-taxable","12":"purchasable","13":"product-type-variable"},"jetpack_sharing_enabled":true,"_links":{"self":[{"href":"https:\/\/tekdiamond.com\/en\/wp-json\/wp\/v2\/product\/20091","targetHints":{"allow":["GET"]}}],"collection":[{"href":"https:\/\/tekdiamond.com\/en\/wp-json\/wp\/v2\/product"}],"about":[{"href":"https:\/\/tekdiamond.com\/en\/wp-json\/wp\/v2\/types\/product"}],"version-history":[{"count":1,"href":"https:\/\/tekdiamond.com\/en\/wp-json\/wp\/v2\/product\/20091\/revisions"}],"predecessor-version":[{"id":20120,"href":"https:\/\/tekdiamond.com\/en\/wp-json\/wp\/v2\/product\/20091\/revisions\/20120"}],"wp:featuredmedia":[{"embeddable":true,"href":"https:\/\/tekdiamond.com\/en\/wp-json\/wp\/v2\/media\/20116"}],"wp:attachment":[{"href":"https:\/\/tekdiamond.com\/en\/wp-json\/wp\/v2\/media?parent=20091"}],"wp:term":[{"taxonomy":"product_brand","embeddable":true,"href":"https:\/\/tekdiamond.com\/en\/wp-json\/wp\/v2\/product_brand?post=20091"},{"taxonomy":"product_cat","embeddable":true,"href":"https:\/\/tekdiamond.com\/en\/wp-json\/wp\/v2\/product_cat?post=20091"},{"taxonomy":"product_tag","embeddable":true,"href":"https:\/\/tekdiamond.com\/en\/wp-json\/wp\/v2\/product_tag?post=20091"}],"curies":[{"name":"wp","href":"https:\/\/api.w.org\/{rel}","templated":true}]}}